{"id":15279,"date":"2023-09-12T09:38:22","date_gmt":"2023-09-12T09:38:22","guid":{"rendered":"https:\/\/hongdung.vn\/?post_type=product&#038;p=15279"},"modified":"2024-03-03T01:10:38","modified_gmt":"2024-03-03T01:10:38","slug":"son-chong-nong-cn-05","status":"publish","type":"product","link":"https:\/\/hongdung.vn\/en\/product\/son-chong-nong-cn-05","title":{"rendered":"S\u01a1n ch\u1ed1ng n\u00f3ng CN-05"},"content":{"rendered":"<table style=\"border-collapse: collapse; width: 100%;\">\n<tbody>\n<tr>\n<td style=\"width: 56.4918%;\">\n<h2 class=\"main-title upper-case description-title\">GI\u1edaI THI\u1ec6U S\u1ea2N PH\u1ea8M<\/h2>\n<div class=\"description-left-content\">\n<p class=\"single-paragrap efch-1 ef-img-b\">S\u01a1n Ch\u1ed1ng N\u00f3ng KOVA CN-05 l\u00e0 gi\u1ea3i ph\u00e1p l\u00e0m m\u00e1t th\u00f4ng minh, ho\u00e0n to\u00e0n m\u1edbi b\u1eb1ng s\u01a1n ph\u1ee7 ngo\u1ea1i th\u1ea5t.<\/p>\n<p class=\"single-paragrap efch-2 ef-img-b\">M\u00e0ng s\u01a1n c\u00f3 c\u1ea5u tr\u00fac \u0111\u1eb7c bi\u1ec7t v\u1edbi t\u00e1c \u0111\u1ed9ng k\u00e9p:<\/p>\n<div class=\"single-paragrap-content prop efch-1 ef-img-t\">\n<div class=\"properties-title\">\n<p class=\"wrapper-icon-feature\"><span style=\"font-family: inherit; font-size: inherit;\">V\u1eeba gi\u00fap gi\u1ea3m l\u01b0\u1ee3ng nhi\u1ec7t truy\u1ec1n v\u00e0o b\u00ean trong ng\u00f4i nh\u00e0<\/span><\/p>\n<\/div>\n<p class=\"sub-content\"><span style=\"font-family: inherit; font-size: inherit;\">V\u1eeba gi\u00fap t\u0103ng kh\u1ea3 n\u0103ng ph\u1ea3n x\u1ea1 nhi\u1ec7t t\u1eeb \u00e1nh n\u1eafng m\u1eb7t tr\u1eddi l\u00ean \u0111\u1ebfn 90%<\/span><\/p>\n<\/div>\n<p class=\"single-paragrap\">Mang \u0111\u1ebfn hi\u1ec7u qu\u1ea3 gi\u1ea3m n\u00f3ng t\u1ed1i \u0111a th\u00f4ng qua vi\u1ec7c gi\u1ea3m b\u1ec1 m\u1eb7t v\u1eadt li\u1ec7u l\u00ean \u0111\u1ebfn 25 \u0111\u1ed9 C, gi\u00fap cho ng\u00f4i nh\u00e0 lu\u00f4n m\u00e1t m\u1ebb trong su\u1ed1t m\u1ed9t ng\u00e0y.<\/p>\n<div class=\"sell-area\">\n<div class=\"price-paint bg-icon13\">\n<div class=\"tag-price\">\n<h6 class=\"price-label\">\u0110\u1ecbnh m\u1ee9c<\/h6>\n<p>l\u00fd thuy\u1ebft<\/p><\/div>\n<\/div>\n<div class=\"price-number\">\n<h6 class=\"t-title1\">M\u00e1i T\u00f4n: 1,4 \u2013 2,5 m2\u00a0\/ kg\/2 l\u1edbp<\/h6>\n<h6 class=\"t-title1\">T\u01b0\u1eddng Nh\u00e0: 3 \u2013 4 m2\u00a0\/ kg\/2 l<\/h6>\n<\/div>\n<\/div>\n<\/div>\n<\/td>\n<td style=\"width: 43.5082%;\">\n<div class=\"description-title\">\n<h2 class=\"main-title upper-case\">TH\u00d4NG TIN S\u1ea2N PH\u1ea8M<\/h2>\n<\/div>\n<div class=\"box2_c1\">\n<ul class=\"box2_list1\">\n<li>\n<h6 class=\"list1_title\"><i class=\"icon icon-next2\"><\/i>B\u1ec1 m\u1eb7t \u00e1p d\u1ee5ng<\/h6>\n<ul class=\"list1_child1\">\n<li><i class=\"icon icon-roof\"><\/i>M\u00e1i T\u00f4n<\/li>\n<li><i class=\"icon icon-build\"><\/i>T\u01b0\u1eddng Nh\u00e0<\/li>\n<\/ul>\n<\/li>\n<\/ul>\n<ul class=\"box2_list1 box2_list1-type1\">\n<li class=\"efch-1 ef-img-t\">\n<h6 class=\"list1_title\"><i class=\"icon icon-next2\"><\/i>\u0110\u1ed9 d\u00e0y kh\u00f4<\/h6>\n<ul class=\"list1_child1\">\n<li>M\u00e1i t\u00f4n: 150 \u2013 300 micron\/l\u1edbp<\/li>\n<li>T\u01b0\u1eddng nh\u00e0: 100 \u2013 120 micron\/l\u1edbp<\/li>\n<\/ul>\n<\/li>\n<\/ul>\n<\/div>\n<\/td>\n<\/tr>\n<\/tbody>\n<\/table>\n<p>&nbsp;<\/p>","protected":false},"excerpt":{"rendered":"<div class=\"wrapper-feature-content\">\n<div class=\"single-paragrap-content\">\n<p>Gi\u1ea3m nhi\u1ec7t \u0111\u1ed9 b\u1ec1 m\u1eb7t ti\u1ebfp x\u00fac tr\u1ef1c ti\u1ebfp v\u1edbi n\u1eafng l\u00ean \u0111\u1ebfn 25 \u0111\u1ed9 C<br \/>\n<i class=\"font-italic\">(*) Tr\u1eddi c\u00e0ng n\u1eafng gi\u1ea3m nhi\u1ec7t \u0111\u1ed9 b\u1ec1 m\u1eb7t c\u00e0ng nhi\u1ec1u (\u0111\u1eb7c bi\u1ec7t v\u1edbi b\u1ec1 m\u1eb7t ch\u1ecbu t\u00e1c \u0111\u1ed9ng tr\u1ef1c ti\u1ebfp c\u1ee7a n\u1eafng h\u01b0\u1edbng T\u00e2y)<\/i><\/p>\n<p>T\u0103ng kh\u1ea3 n\u0103ng tho\u00e1t nhi\u1ec7t b\u00ean trong c\u00f4ng tr\u00ecnh ngay khi tr\u1eddi t\u1eaft n\u1eafng t\u1eeb \u0111\u00f3 gi\u00fap gi\u1ea3m \u0111i\u1ec7n n\u0103ng l\u00e0m m\u00e1t \u0111\u00e1ng k\u1ec3<\/p>\n<p>Ch\u1ed1ng b\u00e1m b\u1ea9n, ch\u1ed1ng r\u00eau m\u1ed1c v\u01b0\u1ee3t tr\u1ed9i gi\u00fap b\u1ec1 m\u1eb7t s\u01a1n b\u1ec1n m\u00e0u v\u00e0 lu\u00f4n m\u1edbi, nh\u1edd \u0111\u00f3 duy tr\u00ec kh\u1ea3 n\u0103ng ch\u1ed1ng n\u00f3ng l\u00e2u d\u00e0i<\/p>\n<\/div>\n<\/div>\n<div class=\"wrapper-feature-content\">\n<div class=\"single-paragrap-content\">\n<p>Gi\u00fap gi\u1ea3m \u0111\u1ed9 co gi\u00e3n v\u1eadt li\u1ec7u khi nhi\u1ec7t \u0111\u1ed9 thay \u0111\u1ed5i l\u00ean t\u1ee5c, t\u1eeb \u0111\u00f3 gi\u00fap t\u0103ng tu\u1ed5i th\u1ecd c\u00f4ng tr\u00ecnh<\/p>\n<\/div>\n<\/div>\n<div class=\"wrapper-feature-content\">\n<div class=\"single-paragrap-content\">\n<p>M\u00e0ng s\u01a1n b\u00e1m d\u00ednh t\u1ed1t, gi\u00fap t\u0103ng \u0111\u1ed9 b\u1ec1n c\u1ee7a v\u1eadt li\u1ec7u<\/p>\n<\/div>\n<\/div>","protected":false},"featured_media":15280,"comment_status":"open","ping_status":"closed","template":"","meta":[],"product_cat":[209],"product_tag":[],"_links":{"self":[{"href":"https:\/\/hongdung.vn\/en\/wp-json\/wp\/v2\/product\/15279"}],"collection":[{"href":"https:\/\/hongdung.vn\/en\/wp-json\/wp\/v2\/product"}],"about":[{"href":"https:\/\/hongdung.vn\/en\/wp-json\/wp\/v2\/types\/product"}],"replies":[{"embeddable":true,"href":"https:\/\/hongdung.vn\/en\/wp-json\/wp\/v2\/comments?post=15279"}],"version-history":[{"count":1,"href":"https:\/\/hongdung.vn\/en\/wp-json\/wp\/v2\/product\/15279\/revisions"}],"predecessor-version":[{"id":15281,"href":"https:\/\/hongdung.vn\/en\/wp-json\/wp\/v2\/product\/15279\/revisions\/15281"}],"wp:featuredmedia":[{"embeddable":true,"href":"https:\/\/hongdung.vn\/en\/wp-json\/wp\/v2\/media\/15280"}],"wp:attachment":[{"href":"https:\/\/hongdung.vn\/en\/wp-json\/wp\/v2\/media?parent=15279"}],"wp:term":[{"taxonomy":"product_cat","embeddable":true,"href":"https:\/\/hongdung.vn\/en\/wp-json\/wp\/v2\/product_cat?post=15279"},{"taxonomy":"product_tag","embeddable":true,"href":"https:\/\/hongdung.vn\/en\/wp-json\/wp\/v2\/product_tag?post=15279"}],"curies":[{"name":"wp","href":"https:\/\/api.w.org\/{rel}","templated":true}]}}