{"id":15452,"date":"2023-09-15T01:36:07","date_gmt":"2023-09-15T01:36:07","guid":{"rendered":"https:\/\/hongdung.vn\/?post_type=product&#038;p=15452"},"modified":"2023-09-15T02:26:37","modified_gmt":"2023-09-15T02:26:37","slug":"may-nuoc-nong-ariston-andris2-top-15l","status":"publish","type":"product","link":"https:\/\/hongdung.vn\/en\/product\/may-nuoc-nong-ariston-andris2-top-15l","title":{"rendered":"M\u00e1y n\u01b0\u1edbc n\u00f3ng Ariston Andris2 Top 15L"},"content":{"rendered":"<h2>C\u00f4ng ngh\u1ec7 \u0111\u1ed9t ph\u00e1 c\u1ee7a m\u00e1y n\u01b0\u1edbc n\u00f3ng Ariston Andris2 Top 15 l\u00edt<\/h2>\n<ul>\n<li><strong>Thanh \u0111\u1ed1t 100% Titan<\/strong>\u00a0l\u00e0m n\u00f3ng nhanh, kh\u00e1ng s\u1ef1 \u0103n m\u00f2n c\u1ee7a n\u01b0\u1edbc c\u1ee9ng, gi\u1ea3m thi\u1ec3u vi\u1ec7c b\u00e1m c\u1eb7n, b\u1ea3o \u0111\u1ea3m hi\u1ec7u su\u1ea5t ho\u1ea1t \u0111\u1ed9ng kh\u00f4ng \u0111\u1ed5i trong su\u1ed1t v\u00f2ng \u0111\u1eddi s\u1ea3n ph\u1ea9m, cho \u0111\u1ed9 b\u1ec1n v\u0129nh c\u1eedu, \u0111\u01b0\u1ee3c cam k\u1ebft b\u1ea3o h\u00e0nh tr\u1ecdn \u0111\u1eddi.<\/li>\n<li><strong>H\u1ec7 th\u1ed1ng ki\u1ec3m so\u00e1t nhi\u1ec7t \u0111\u1ed9<\/strong>\u00a0v\u1edbi b\u1ed9 c\u1ea3m bi\u1ebfn nhi\u1ec7t cho ph\u00e9p ng\u01b0\u1eddi d\u00f9ng c\u00f3 th\u1ec3 \u0111i\u1ec1u ch\u1ec9nh nhi\u1ec7t \u0111\u1ed9 ch\u00ednh x\u00e1c t\u1eebng \u0111\u1ed9 C.<\/li>\n<li>M\u00e0n h\u00ecnh hi\u1ec3n th\u1ecb \u0111i\u1ec7n t\u1eed v\u00e0 \u0111i\u1ec1u khi\u1ec3n c\u1ea3m \u1ee9ng gi\u00fap ng\u01b0\u1eddi d\u00f9ng s\u1eed d\u1ee5ng m\u00e1y m\u1ed9t c\u00e1ch d\u1ec5 d\u00e0ng h\u01a1n. \u0110\u00e2y l\u00e0 c\u00f4ng ngh\u1ec7 duy nh\u1ea5t tr\u00ean th\u1ecb tr\u01b0\u1eddng c\u1ee7a Ariston.<\/li>\n<li>Vi m\u1ea1ch ki\u1ec3m so\u00e1t an to\u00e0n s\u1ebd li\u00ean t\u1ee5c ki\u1ec3m tra m\u1ecdi th\u00f4ng s\u1ed1 c\u1ee7a m\u00e1y, \u0111\u1ea3m b\u1ea3o m\u00e1y s\u1ebd ng\u01b0ng ho\u1ea1t \u0111\u1ed9ng n\u1ebfu ph\u00e1t hi\u1ec7n b\u1ea5t c\u1ee9 s\u1ef1 b\u1ea5t th\u01b0\u1eddng n\u00e0o trong qu\u00e1 tr\u00ecnh ho\u1ea1t \u0111\u1ed9ng, nh\u1edd \u0111\u00f3 \u0111em l\u1ea1i s\u1ef1 an to\u00e0n t\u1ed1i \u0111a cho ng\u01b0\u1eddi s\u1eed d\u1ee5ng.<\/li>\n<li>C<strong>\u00f4ng ngh\u1ec7 ECO EVO chu\u1ea9n Ch\u00e2u \u00c2u<\/strong>\u00a0ghi nh\u1edb th\u00f3i quen ng\u01b0\u1eddi d\u00f9ng, t\u1ef1 \u0111\u1ed9ng t\u00ednh to\u00e1n v\u00e0 \u0111\u1ec1 xu\u1ea5t nhi\u1ec7t \u0111\u1ed9 n\u01b0\u1edbc n\u00f3ng ph\u00f9 h\u1ee3p, gi\u00fap ti\u1ebft ki\u1ec7m \u0111\u1ebfn 14% \u0111i\u1ec7n n\u0103ng ti\u00eau th\u1ee5.<\/li>\n<li><strong>C\u00f4ng ngh\u1ec7 Ion b\u1ea1c l\u00e0m s\u1ea1ch n\u01b0\u1edbc<\/strong>: Th\u1ea5u hi\u1ec3u nhu c\u1ea7u \u0111\u01b0\u1ee3c s\u1eed d\u1ee5ng n\u01b0\u1edbc s\u1ea1ch v\u00e0 an to\u00e0n c\u1ee7a ng\u01b0\u1eddi ti\u00eau d\u00f9ng,\u00a0<a href=\"https:\/\/www.tdm.vn\/may-nuoc-nong-dien-ariston\" target=\"_blank\" rel=\"noopener\">Ariston<\/a>\u00a0\u0111\u00e3 ph\u00e1t tri\u1ec3n c\u00f4ng ngh\u1ec7 Ion b\u1ea1c v\u1edbi kh\u1ea3 n\u0103ng kh\u00e1ng khu\u1ea9n, l\u00e0m s\u1ea1ch n\u01b0\u1edbc. C\u00e1c kh\u1ed1i c\u1ea7u Ion b\u1ea1c Ag+ n\u1eb1m trong \u1ed1ng d\u1eabn \u0111\u1eb7c bi\u1ec7t \u0111\u01b0\u1ee3c \u0111\u1eb7t c\u1ed1 \u0111\u1ecbnh t\u1ea1i \u0111\u01b0\u1eddng n\u01b0\u1edbc v\u00e0o trong b\u00ecnh ch\u1ee9a<\/li>\n<\/ul>","protected":false},"excerpt":{"rendered":"<h2>T\u00ednh n\u0103ng\u00a0<a href=\"https:\/\/www.tdm.vn\/may-nuoc-nong-gian-tiep-ariston\">m\u00e1y n\u01b0\u1edbc n\u00f3ng<\/a>\u00a0Ariston\u00a0AN2 15 Top gi\u00e1n ti\u1ebfp<\/h2>\n<ul>\n<li>Dung t\u00edch: 15 l\u00edt<\/li>\n<li>K\u00edch th\u01b0\u1edbc: 360 x 360 x 318 mm<\/li>\n<li>B\u00ecnh ch\u1ee9a tr\u00e1ng men Titan<\/li>\n<li>H\u1ec7 th\u1ed1ng an to\u00e0n \u0111\u1ed3ng b\u1ed9 t\u00edch h\u1ee3p ELCB ch\u1ed1ng gi\u1eadt<\/li>\n<li>L\u1edbp c\u00e1ch nhi\u1ec7t m\u1eadt \u0111\u1ed9 cao<\/li>\n<li>Ti\u1ebft ki\u1ec7m \u0111i\u1ec7n n\u0103ng<\/li>\n<li>M\u00e0n h\u00ecnh hi\u1ec3n th\u1ecb \u0111i\u1ec7n t\u1eed v\u00e0 \u0111i\u1ec1u khi\u1ec3n c\u1ea3m \u1ee9ng V\u1ecf ch\u1ed1ng th\u1ea5m n\u01b0\u1edbc<\/li>\n<\/ul>","protected":false},"featured_media":15453,"comment_status":"open","ping_status":"closed","template":"","meta":[],"product_cat":[212],"product_tag":[],"_links":{"self":[{"href":"https:\/\/hongdung.vn\/en\/wp-json\/wp\/v2\/product\/15452"}],"collection":[{"href":"https:\/\/hongdung.vn\/en\/wp-json\/wp\/v2\/product"}],"about":[{"href":"https:\/\/hongdung.vn\/en\/wp-json\/wp\/v2\/types\/product"}],"replies":[{"embeddable":true,"href":"https:\/\/hongdung.vn\/en\/wp-json\/wp\/v2\/comments?post=15452"}],"version-history":[{"count":1,"href":"https:\/\/hongdung.vn\/en\/wp-json\/wp\/v2\/product\/15452\/revisions"}],"predecessor-version":[{"id":15455,"href":"https:\/\/hongdung.vn\/en\/wp-json\/wp\/v2\/product\/15452\/revisions\/15455"}],"wp:featuredmedia":[{"embeddable":true,"href":"https:\/\/hongdung.vn\/en\/wp-json\/wp\/v2\/media\/15453"}],"wp:attachment":[{"href":"https:\/\/hongdung.vn\/en\/wp-json\/wp\/v2\/media?parent=15452"}],"wp:term":[{"taxonomy":"product_cat","embeddable":true,"href":"https:\/\/hongdung.vn\/en\/wp-json\/wp\/v2\/product_cat?post=15452"},{"taxonomy":"product_tag","embeddable":true,"href":"https:\/\/hongdung.vn\/en\/wp-json\/wp\/v2\/product_tag?post=15452"}],"curies":[{"name":"wp","href":"https:\/\/api.w.org\/{rel}","templated":true}]}}