{"id":15456,"date":"2023-09-15T01:46:18","date_gmt":"2023-09-15T01:46:18","guid":{"rendered":"https:\/\/hongdung.vn\/?post_type=product&#038;p=15456"},"modified":"2023-09-15T03:15:38","modified_gmt":"2023-09-15T03:15:38","slug":"may-nuoc-nong-slim2-lux-d-wifi-30l-gian-tiep","status":"publish","type":"product","link":"https:\/\/hongdung.vn\/en\/product\/may-nuoc-nong-slim2-lux-d-wifi-30l-gian-tiep","title":{"rendered":"M\u00e1y n\u01b0\u1edbc n\u00f3ng Slim2 Lux-D Wifi 30L Gi\u00e1n Ti\u1ebfp"},"content":{"rendered":"<h2><strong>Th\u00f4ng tin m\u00e1y n\u01b0\u1edbc n\u00f3ng\u00a0Ariston Slim2 Lux-D Wifi 30L<\/strong><\/h2>\n<ul>\n<li>M\u00e3 s\u1ea3n ph\u1ea9m: 3180813<\/li>\n<li>Dung t\u00edch: 30 l\u00edt<\/li>\n<li>T\u00ean s\u1ea3n ph\u1ea9m: M\u00e1y n\u01b0\u1edbc n\u00f3ng gi\u00e1n ti\u1ebfp\u00a0<a href=\"https:\/\/www.tdm.vn\/may-nuoc-nong-gian-tiep-ariston\" target=\"_blank\" rel=\"noopener\">Ariston<\/a>\u00a0Slim2 Lux-D Wifi<\/li>\n<li>K\u00edch th\u01b0\u1edbc: 757 x 331 x 341 mm<\/li>\n<li>C\u00f4ng su\u1ea5t : 2,5 kW<\/li>\n<li>\u0110i\u1ec7n n\u0103ng : 220V<\/li>\n<li>Th\u1eddi gian gia nhi\u1ec7t: 42 ph\u00fat<\/li>\n<li>Nhi\u1ec7t \u0111\u1ed9 t\u1ed1i \u0111a: 80 \u0111\u1ed9 C<\/li>\n<li>\u00c1p su\u1ea5t l\u00e0m vi\u1ec7c t\u1ed1i \u0111a: 0.8 Mpa<\/li>\n<li>Ch\u1ec9 s\u1ed1 b\u1ea3o v\u1ec7 x\u00e2m nh\u1eadp IPX1<\/li>\n<li>T\u1ed5ng kh\u1ed1i l\u01b0\u1ee3ng: 15 kg<\/li>\n<\/ul>","protected":false},"excerpt":{"rendered":"<h2><strong>T\u00ednh n\u0103ng m\u00e1y n\u01b0\u1edbc n\u00f3ng SL2 30 LUX-D AG+ WIFI Ariston 2.0<\/strong><\/h2>\n<ul>\n<li>C\u00f4ng ngh\u1ec7 WIFI th\u00f4ng minh, ch\u1ee7 \u0111\u1ed9ng ki\u1ec3m so\u00e1t m\u1ecdi l\u00fac m\u1ecdi n\u01a1i, Ti\u1ebft ki\u1ec7m 25% \u0111i\u1ec7n n\u0103ng<\/li>\n<li>Vi m\u1ea1ch ch\u1ee7 \u0111\u1ed9ng ki\u1ec3m so\u00e1t an to\u00e0n. Khuy\u1ebfn c\u00e1o nhi\u1ec7t \u0111\u1ed9 an to\u00e0n<\/li>\n<li>Eco Evo- Ph\u00e2n t\u1ecbch th\u00f3i quen s\u1eed d\u1ee5ng, \u0111\u1ec1 xu\u1ea5t nhi\u1ec7t \u0111\u1ed9 \u0111un n\u00f3ng ph\u00f9 h\u1ee3p, ti\u1ebft ki\u1ec7m 14% \u0111i\u1ec7n n\u0103ng.<\/li>\n<li>C\u00f4ng ngh\u1ec7 ion B\u1ea1c kh\u00e1ng khu\u1ea9n Ag+, b\u1ea3o v\u1ec7 s\u1ee9c kh\u1ecfe.<\/li>\n<li>Thanh \u0111\u1ed1t \u0111\u1ed3ng ch\u1ea5t l\u01b0\u1ee3ng cao<\/li>\n<li>C\u00f3 \u0111\u00e8n b\u00e1o n\u01b0\u1edbc n\u00f3ng s\u1eb5n s\u00e0ng<\/li>\n<li>M\u00e0n h\u00ecnh \u0111i\u1ec1u khi\u1ec3n c\u1ea3m \u1ee9ng<\/li>\n<li>L\u1edbp c\u00e1ch nhi\u1ec7t m\u1eadt \u0111\u1ed9 cao, gi\u1eef n\u01b0\u1edbc n\u00f3ng l\u00ean \u0111\u1ebfn 48h.<\/li>\n<li>C\u00f4ng ngh\u1ec7 Flexomix &#8211; cho nhi\u1ec1u n\u01b0\u1edbc n\u00f3ng h\u01a1n 10%<\/li>\n<li>5 sao ti\u1ebft ki\u1ec7m n\u0103ng l\u01b0\u1ee3ng<\/li>\n<\/ul>","protected":false},"featured_media":15457,"comment_status":"open","ping_status":"closed","template":"","meta":[],"product_cat":[212],"product_tag":[],"_links":{"self":[{"href":"https:\/\/hongdung.vn\/en\/wp-json\/wp\/v2\/product\/15456"}],"collection":[{"href":"https:\/\/hongdung.vn\/en\/wp-json\/wp\/v2\/product"}],"about":[{"href":"https:\/\/hongdung.vn\/en\/wp-json\/wp\/v2\/types\/product"}],"replies":[{"embeddable":true,"href":"https:\/\/hongdung.vn\/en\/wp-json\/wp\/v2\/comments?post=15456"}],"version-history":[{"count":1,"href":"https:\/\/hongdung.vn\/en\/wp-json\/wp\/v2\/product\/15456\/revisions"}],"predecessor-version":[{"id":15458,"href":"https:\/\/hongdung.vn\/en\/wp-json\/wp\/v2\/product\/15456\/revisions\/15458"}],"wp:featuredmedia":[{"embeddable":true,"href":"https:\/\/hongdung.vn\/en\/wp-json\/wp\/v2\/media\/15457"}],"wp:attachment":[{"href":"https:\/\/hongdung.vn\/en\/wp-json\/wp\/v2\/media?parent=15456"}],"wp:term":[{"taxonomy":"product_cat","embeddable":true,"href":"https:\/\/hongdung.vn\/en\/wp-json\/wp\/v2\/product_cat?post=15456"},{"taxonomy":"product_tag","embeddable":true,"href":"https:\/\/hongdung.vn\/en\/wp-json\/wp\/v2\/product_tag?post=15456"}],"curies":[{"name":"wp","href":"https:\/\/api.w.org\/{rel}","templated":true}]}}